{"id":1826,"date":"2026-02-25T09:37:32","date_gmt":"2026-02-25T09:37:32","guid":{"rendered":"https:\/\/peakanddale.co.ke\/value4her\/?page_id=1826"},"modified":"2026-04-09T23:23:19","modified_gmt":"2026-04-09T23:23:19","slug":"events","status":"publish","type":"page","link":"https:\/\/peakanddale.co.ke\/value4her\/fr\/events\/","title":{"rendered":"\u00c9v\u00e9nements"},"content":{"rendered":"<div data-elementor-type=\"wp-page\" data-elementor-id=\"1826\" class=\"elementor elementor-1826\" data-elementor-settings=\"{&quot;ha_cmc_init_switcher&quot;:&quot;no&quot;}\">\n\t\t\t\t<div class=\"elementor-element elementor-element-38930e7 e-con-full e-flex wpr-particle-no wpr-jarallax-no wpr-parallax-no wpr-sticky-section-no e-con e-parent\" data-id=\"38930e7\" data-element_type=\"container\" data-settings=\"{&quot;_ha_eqh_enable&quot;:false}\">\n\t\t<div class=\"elementor-element elementor-element-fee66bf e-con-full e-flex wpr-particle-no wpr-jarallax-no wpr-parallax-no wpr-sticky-section-no e-con e-child\" data-id=\"fee66bf\" data-element_type=\"container\" data-settings=\"{&quot;background_background&quot;:&quot;classic&quot;,&quot;_ha_eqh_enable&quot;:false}\">\n\t\t\t\t<\/div>\n\t\t<div class=\"elementor-element elementor-element-844add6 e-con-full e-flex wpr-particle-no wpr-jarallax-no wpr-parallax-no wpr-sticky-section-no e-con e-child\" data-id=\"844add6\" data-element_type=\"container\" data-settings=\"{&quot;background_background&quot;:&quot;classic&quot;,&quot;_ha_eqh_enable&quot;:false}\">\n\t\t<div class=\"elementor-element elementor-element-f41b358 e-con-full e-flex wpr-particle-no wpr-jarallax-no wpr-parallax-no wpr-sticky-section-no e-con e-child\" data-id=\"f41b358\" data-element_type=\"container\" data-settings=\"{&quot;_ha_eqh_enable&quot;:false}\">\n\t\t\t\t<div class=\"elementor-element elementor-element-db17613 wrap-title exad-sticky-section-no exad-glass-effect-no elementor-widget elementor-widget-heading\" data-id=\"db17613\" data-element_type=\"widget\" data-widget_type=\"heading.default\">\n\t\t\t\t\t<h1 class=\"elementor-heading-title elementor-size-default\">\u00c9v\u00e9nements<\/h1>\t\t\t\t<\/div>\n\t\t\t\t<\/div>\n\t\t<div class=\"elementor-element elementor-element-7cefe58 e-con-full e-flex wpr-particle-no wpr-jarallax-no wpr-parallax-no wpr-sticky-section-no e-con e-child\" data-id=\"7cefe58\" data-element_type=\"container\" data-settings=\"{&quot;_ha_eqh_enable&quot;:false}\">\n\t\t\t\t<div class=\"elementor-element elementor-element-631738d elementor-align-left exad-sticky-section-no exad-glass-effect-no elementor-widget elementor-widget-button\" data-id=\"631738d\" data-element_type=\"widget\" data-widget_type=\"button.default\">\n\t\t\t\t\t\t\t\t\t\t<a class=\"elementor-button elementor-button-link elementor-size-sm\" href=\"\/value4her\/fr\/\">\n\t\t\t\t\t\t<span class=\"elementor-button-content-wrapper\">\n\t\t\t\t\t\t\t\t\t<span class=\"elementor-button-text\">Accueil<\/span>\n\t\t\t\t\t<\/span>\n\t\t\t\t\t<\/a>\n\t\t\t\t\t\t\t\t<\/div>\n\t\t\t\t<div class=\"elementor-element elementor-element-f10c7e6 elementor-align-left exad-sticky-section-no exad-glass-effect-no elementor-widget elementor-widget-button\" data-id=\"f10c7e6\" data-element_type=\"widget\" data-widget_type=\"button.default\">\n\t\t\t\t\t\t\t\t\t\t<a class=\"elementor-button elementor-size-sm\" role=\"button\">\n\t\t\t\t\t\t<span class=\"elementor-button-content-wrapper\">\n\t\t\t\t\t\t\t\t\t<span class=\"elementor-button-text\">\u00c9v\u00e9nements<\/span>\n\t\t\t\t\t<\/span>\n\t\t\t\t\t<\/a>\n\t\t\t\t\t\t\t\t<\/div>\n\t\t\t\t<\/div>\n\t\t\t\t<\/div>\n\t\t\t\t<\/div>\n\t\t<div class=\"elementor-element elementor-element-2d53039 e-con-full e-flex wpr-particle-no wpr-jarallax-no wpr-parallax-no wpr-sticky-section-no e-con e-parent\" data-id=\"2d53039\" data-element_type=\"container\" data-settings=\"{&quot;_ha_eqh_enable&quot;:false}\">\n\t\t<div class=\"elementor-element elementor-element-b75756c e-con-full e-flex wpr-particle-no wpr-jarallax-no wpr-parallax-no wpr-sticky-section-no e-con e-child\" data-id=\"b75756c\" data-element_type=\"container\" data-settings=\"{&quot;_ha_eqh_enable&quot;:false}\">\n\t\t\t\t<div class=\"elementor-element elementor-element-820c8bf exad-sticky-section-no exad-glass-effect-no elementor-widget elementor-widget-heading\" data-id=\"820c8bf\" data-element_type=\"widget\" data-widget_type=\"heading.default\">\n\t\t\t\t\t<h2 class=\"elementor-heading-title elementor-size-default\">\u00c9v\u00e9nements \u00e0 venir<\/h2>\t\t\t\t<\/div>\n\t\t\t\t<div class=\"elementor-element elementor-element-d263848 elementor-widget__width-initial elementor-widget-tablet__width-inherit exad-sticky-section-no exad-glass-effect-no elementor-widget elementor-widget-text-editor\" data-id=\"d263848\" data-element_type=\"widget\" data-widget_type=\"text-editor.default\">\n\t\t\t\t\t\t\t\t\t<p>Restez inform\u00e9 des \u00e9v\u00e9nements \u00e0 venir, des rencontres et des engagements con\u00e7us pour connecter, \u00e9quiper et mettre en lumi\u00e8re les femmes entrepreneures agricoles \u00e0 travers l\u2019Afrique. Rejoignez-nous pour apprendre, r\u00e9seauter et acc\u00e9der \u00e0 de nouvelles opportunit\u00e9s.<\/p>\t\t\t\t\t\t\t\t<\/div>\n\t\t\t\t<div class=\"elementor-element elementor-element-c1e86a6 exad-sticky-section-no exad-glass-effect-no elementor-widget elementor-widget-toolset-view\" data-id=\"c1e86a6\" data-element_type=\"widget\" data-widget_type=\"toolset-view.default\">\n\t\t\t\t<div class=\"elementor-widget-container\">\n\t\t\t\t\t<form autocomplete=\"off\" name=\"wpv-filter-2007\" action=\"\/value4her\/fr\/wp-json\/wp\/v2\/pages\/1826?wpv_view_count=2007\" method=\"get\" class=\"wpv-filter-form js-wpv-filter-form js-wpv-filter-form-2007 js-wpv-form-full js-wpv-dps-enabled js-wpv-ajax-results-enabled\" data-viewnumber=\"2007\" data-viewid=\"2007\" data-viewhash=\"eyJpZCI6MjAwNywib3JkZXIiOiJkZWZhdWx0Iiwib3JkZXJieV9zZWNvbmQiOiJkZWZhdWx0Iiwib3JkZXJfc2Vjb25kIjoiZGVmYXVsdCJ9\" data-viewwidgetid=\"0\" data-orderby=\"\" data-order=\"\" data-orderbyas=\"\" data-orderbysecond=\"\" data-ordersecond=\"\" data-parametric=\"{&quot;query&quot;:&quot;normal&quot;,&quot;id&quot;:2007,&quot;view_id&quot;:2007,&quot;widget_id&quot;:0,&quot;view_hash&quot;:&quot;2007&quot;,&quot;action&quot;:&quot;\\\/value4her\\\/fr\\\/wp-json\\\/wp\\\/v2\\\/pages\\\/1826?wpv_view_count=2007&quot;,&quot;sort&quot;:{&quot;orderby&quot;:&quot;&quot;,&quot;order&quot;:&quot;&quot;,&quot;orderby_as&quot;:&quot;&quot;,&quot;orderby_second&quot;:&quot;&quot;,&quot;order_second&quot;:&quot;&quot;},&quot;orderby&quot;:&quot;&quot;,&quot;order&quot;:&quot;&quot;,&quot;orderby_as&quot;:&quot;&quot;,&quot;orderby_second&quot;:&quot;&quot;,&quot;order_second&quot;:&quot;&quot;,&quot;ajax_form&quot;:&quot;&quot;,&quot;ajax_results&quot;:&quot;&quot;,&quot;effect&quot;:&quot;fade&quot;,&quot;prebefore&quot;:&quot;&quot;,&quot;before&quot;:&quot;&quot;,&quot;after&quot;:&quot;&quot;,&quot;attributes&quot;:{&quot;id&quot;:2007,&quot;order&quot;:&quot;default&quot;,&quot;orderby_second&quot;:&quot;default&quot;,&quot;order_second&quot;:&quot;default&quot;},&quot;environment&quot;:{&quot;current_post_id&quot;:1826,&quot;parent_post_id&quot;:1826,&quot;parent_term_id&quot;:0,&quot;parent_user_id&quot;:0,&quot;archive&quot;:{&quot;type&quot;:&quot;&quot;,&quot;name&quot;:&quot;&quot;,&quot;data&quot;:[]}},&quot;loop&quot;:{&quot;type&quot;:&quot;&quot;,&quot;name&quot;:&quot;&quot;,&quot;data&quot;:[],&quot;id&quot;:0}}\" data-attributes=\"{&quot;id&quot;:2007,&quot;order&quot;:&quot;default&quot;,&quot;orderby_second&quot;:&quot;default&quot;,&quot;order_second&quot;:&quot;default&quot;}\" data-environment=\"{&quot;current_post_id&quot;:1826,&quot;parent_post_id&quot;:1826,&quot;parent_term_id&quot;:0,&quot;parent_user_id&quot;:0,&quot;archive&quot;:{&quot;type&quot;:&quot;&quot;,&quot;name&quot;:&quot;&quot;,&quot;data&quot;:[]}}\" data-trp-original-action=\"\/value4her\/fr\/wp-json\/wp\/v2\/pages\/1826?wpv_view_count=2007\"><input type=\"hidden\" class=\"js-wpv-dps-filter-data js-wpv-filter-data-for-this-form\" data-action=\"\/value4her\/fr\/wp-json\/wp\/v2\/pages\/1826?wpv_view_count=2007\" data-page=\"1\" data-ajax=\"enable\" data-effect=\"fade\" data-maxpages=\"0\" data-ajaxprebefore=\"\" data-ajaxbefore=\"\" data-ajaxafter=\"\" \/><input class=\"wpv_view_count wpv_view_count-2007\" type=\"hidden\" name=\"wpv_view_count\" value=\"2007\" \/>\n\n\n<div class=\"row events-loop-filter\" style=\"padding-bottom: 10px;\">\n\t<div class=\"filter-by-label\">Filtrer par<\/div>\n\t<div class=\"date-label\">\n      <div class=\"form-group\">\n          <select id=\"wpv_control_select_date_and_time\" name=\"wpv-date_and_time\" class=\"js-wpv-filter-trigger form-control\"><option value=\"\" selected=\"selected\">Date<\/option><\/select>\n      <\/div>\n  \t<\/div>\n\t<div class=\"event-country-label\">\n      <div class=\"form-group\"><select id=\"wpv_control_select_event_location\" name=\"wpv-event_location\" class=\"js-wpv-filter-trigger form-control\"><option value=\"\" selected=\"selected\">Pays<\/option><\/select><\/div>\n    <\/div>\n  \t<div><input type=\"button\" class=\"wpv-reset-trigger js-wpv-reset-trigger btn\" name=\"wpv_filter_reset\" value=\"R\u00e9initialiser\" \/><\/div>\n<\/div>\n\n\n<input type=\"hidden\" name=\"trp-form-language\" value=\"fr\"\/><\/form>\n<div id=\"wpv-view-layout-2007\" class=\"js-wpv-view-layout js-wpv-layout-responsive js-wpv-view-layout-2007 wpv-pagination js-wpv-layout-has-pagination wpv-pagination-preload-images js-wpv-layout-preload-images wpv-pagination-preload-pages js-wpv-layout-preload-pages\" style=\"visibility:hidden;\" data-viewnumber=\"2007\" data-pagination=\"{&quot;id&quot;:2007,&quot;query&quot;:&quot;normal&quot;,&quot;type&quot;:&quot;ajaxed&quot;,&quot;effect&quot;:&quot;fade&quot;,&quot;duration&quot;:500,&quot;speed&quot;:5,&quot;pause_on_hover&quot;:&quot;enabled&quot;,&quot;stop_rollover&quot;:&quot;false&quot;,&quot;cache_pages&quot;:&quot;enabled&quot;,&quot;preload_images&quot;:&quot;enabled&quot;,&quot;preload_pages&quot;:&quot;enabled&quot;,&quot;preload_reach&quot;:1,&quot;spinner&quot;:&quot;builtin&quot;,&quot;spinner_image&quot;:&quot;&quot;,&quot;callback_next&quot;:&quot;&quot;,&quot;manage_history&quot;:&quot;enabled&quot;,&quot;has_controls_in_form&quot;:&quot;disabled&quot;,&quot;infinite_tolerance&quot;:0,&quot;max_pages&quot;:0,&quot;page&quot;:1,&quot;base_permalink&quot;:&quot;\/value4her\/fr\/wp-json\/wp\/v2\/pages\/1826?wpv_view_count=2007&amp;wpv_paged=WPV_PAGE_NUM&quot;,&quot;loop&quot;:{&quot;type&quot;:&quot;&quot;,&quot;name&quot;:&quot;&quot;,&quot;data&quot;:[],&quot;id&quot;:0}}\" data-permalink=\"\/value4her\/fr\/wp-json\/wp\/v2\/pages\/1826?wpv_view_count=2007\">\n\n\t\n\t\n\t\t<span style=\"background-color: #ECECEC;\">No events now, check later.\n\t\n<\/div>\n\t\t\t\t<\/div>\n\t\t\t\t<\/div>\n\t\t\t\t<\/div>\n\t\t\t\t<\/div>\n\t\t\t\t<\/div>","protected":false},"excerpt":{"rendered":"<p>Events Home Events Upcoming Events Stay informed about upcoming events, convenings, and engagements designed to connect, equip, and spotlight women agripreneurs across Africa. Join us to learn, network, and access&#8230;<\/p>","protected":false},"author":2,"featured_media":0,"parent":0,"menu_order":0,"comment_status":"closed","ping_status":"closed","template":"elementor_header_footer","meta":{"_acf_changed":false,"footnotes":""},"class_list":["post-1826","page","type-page","status-publish"],"acf":[],"rttpg_featured_image_url":null,"rttpg_author":{"display_name":"Paul Nyaga","author_link":"https:\/\/peakanddale.co.ke\/value4her\/fr\/author\/bean-value4her\/"},"rttpg_comment":0,"rttpg_category":null,"rttpg_excerpt":"Events Home Events Upcoming Events Stay informed about upcoming events, convenings, and engagements designed to connect, equip, and spotlight women agripreneurs across Africa. Join us to learn, network, and access...","_links":{"self":[{"href":"https:\/\/peakanddale.co.ke\/value4her\/fr\/wp-json\/wp\/v2\/pages\/1826","targetHints":{"allow":["GET"]}}],"collection":[{"href":"https:\/\/peakanddale.co.ke\/value4her\/fr\/wp-json\/wp\/v2\/pages"}],"about":[{"href":"https:\/\/peakanddale.co.ke\/value4her\/fr\/wp-json\/wp\/v2\/types\/page"}],"author":[{"embeddable":true,"href":"https:\/\/peakanddale.co.ke\/value4her\/fr\/wp-json\/wp\/v2\/users\/2"}],"replies":[{"embeddable":true,"href":"https:\/\/peakanddale.co.ke\/value4her\/fr\/wp-json\/wp\/v2\/comments?post=1826"}],"version-history":[{"count":61,"href":"https:\/\/peakanddale.co.ke\/value4her\/fr\/wp-json\/wp\/v2\/pages\/1826\/revisions"}],"predecessor-version":[{"id":3461,"href":"https:\/\/peakanddale.co.ke\/value4her\/fr\/wp-json\/wp\/v2\/pages\/1826\/revisions\/3461"}],"wp:attachment":[{"href":"https:\/\/peakanddale.co.ke\/value4her\/fr\/wp-json\/wp\/v2\/media?parent=1826"}],"curies":[{"name":"wp","href":"https:\/\/api.w.org\/{rel}","templated":true}]}}