{"id":2105,"date":"2026-03-12T06:17:32","date_gmt":"2026-03-12T06:17:32","guid":{"rendered":"https:\/\/peakanddale.co.ke\/value4her\/?page_id=2105"},"modified":"2026-04-13T10:25:17","modified_gmt":"2026-04-13T10:25:17","slug":"resources","status":"publish","type":"page","link":"https:\/\/peakanddale.co.ke\/value4her\/fr\/resources\/","title":{"rendered":"Ressources"},"content":{"rendered":"<div data-elementor-type=\"wp-page\" data-elementor-id=\"2105\" class=\"elementor elementor-2105\" data-elementor-settings=\"{&quot;ha_cmc_init_switcher&quot;:&quot;no&quot;}\">\n\t\t\t\t<div class=\"elementor-element elementor-element-38930e7 e-con-full e-flex wpr-particle-no wpr-jarallax-no wpr-parallax-no wpr-sticky-section-no e-con e-parent\" data-id=\"38930e7\" data-element_type=\"container\" data-settings=\"{&quot;_ha_eqh_enable&quot;:false}\">\n\t\t<div class=\"elementor-element elementor-element-fee66bf e-con-full e-flex wpr-particle-no wpr-jarallax-no wpr-parallax-no wpr-sticky-section-no e-con e-child\" data-id=\"fee66bf\" data-element_type=\"container\" data-settings=\"{&quot;background_background&quot;:&quot;classic&quot;,&quot;_ha_eqh_enable&quot;:false}\">\n\t\t\t\t<\/div>\n\t\t<div class=\"elementor-element elementor-element-844add6 e-con-full e-flex wpr-particle-no wpr-jarallax-no wpr-parallax-no wpr-sticky-section-no e-con e-child\" data-id=\"844add6\" data-element_type=\"container\" data-settings=\"{&quot;background_background&quot;:&quot;classic&quot;,&quot;_ha_eqh_enable&quot;:false}\">\n\t\t<div class=\"elementor-element elementor-element-f41b358 e-con-full e-flex wpr-particle-no wpr-jarallax-no wpr-parallax-no wpr-sticky-section-no e-con e-child\" data-id=\"f41b358\" data-element_type=\"container\" data-settings=\"{&quot;_ha_eqh_enable&quot;:false}\">\n\t\t\t\t<div class=\"elementor-element elementor-element-db17613 wrap-title exad-sticky-section-no exad-glass-effect-no elementor-widget elementor-widget-heading\" data-id=\"db17613\" data-element_type=\"widget\" data-widget_type=\"heading.default\">\n\t\t\t\t\t<h1 class=\"elementor-heading-title elementor-size-default\">Ressources<\/h1>\t\t\t\t<\/div>\n\t\t\t\t<\/div>\n\t\t<div class=\"elementor-element elementor-element-7cefe58 e-con-full e-flex wpr-particle-no wpr-jarallax-no wpr-parallax-no wpr-sticky-section-no e-con e-child\" data-id=\"7cefe58\" data-element_type=\"container\" data-settings=\"{&quot;_ha_eqh_enable&quot;:false}\">\n\t\t\t\t<div class=\"elementor-element elementor-element-631738d elementor-align-left exad-sticky-section-no exad-glass-effect-no elementor-widget elementor-widget-button\" data-id=\"631738d\" data-element_type=\"widget\" data-widget_type=\"button.default\">\n\t\t\t\t\t\t\t\t\t\t<a class=\"elementor-button elementor-button-link elementor-size-sm\" href=\"\/value4her\/fr\/\">\n\t\t\t\t\t\t<span class=\"elementor-button-content-wrapper\">\n\t\t\t\t\t\t\t\t\t<span class=\"elementor-button-text\">Accueil<\/span>\n\t\t\t\t\t<\/span>\n\t\t\t\t\t<\/a>\n\t\t\t\t\t\t\t\t<\/div>\n\t\t\t\t<div class=\"elementor-element elementor-element-f10c7e6 elementor-align-left exad-sticky-section-no exad-glass-effect-no elementor-widget elementor-widget-button\" data-id=\"f10c7e6\" data-element_type=\"widget\" data-widget_type=\"button.default\">\n\t\t\t\t\t\t\t\t\t\t<a class=\"elementor-button elementor-size-sm\" role=\"button\">\n\t\t\t\t\t\t<span class=\"elementor-button-content-wrapper\">\n\t\t\t\t\t\t\t\t\t<span class=\"elementor-button-text\">Ressources<\/span>\n\t\t\t\t\t<\/span>\n\t\t\t\t\t<\/a>\n\t\t\t\t\t\t\t\t<\/div>\n\t\t\t\t<\/div>\n\t\t\t\t<\/div>\n\t\t\t\t<\/div>\n\t\t<div class=\"elementor-element elementor-element-e1f47a4 e-con-full bigger-col e-flex wpr-particle-no wpr-jarallax-no wpr-parallax-no wpr-sticky-section-no e-con e-parent\" data-id=\"e1f47a4\" data-element_type=\"container\" data-settings=\"{&quot;background_background&quot;:&quot;classic&quot;,&quot;_ha_eqh_enable&quot;:false}\">\n\t\t\t\t<div class=\"elementor-element elementor-element-fe6db6a exad-sticky-section-no exad-glass-effect-no elementor-widget elementor-widget-heading\" data-id=\"fe6db6a\" data-element_type=\"widget\" data-widget_type=\"heading.default\">\n\t\t\t\t\t<h2 class=\"elementor-heading-title elementor-size-default\">Modules d\u2019apprentissage en ligne<\/h2>\t\t\t\t<\/div>\n\t\t\t\t<div class=\"elementor-element elementor-element-70a9015 elementor-widget-tablet__width-inherit exad-sticky-section-no exad-glass-effect-no elementor-widget elementor-widget-text-editor\" data-id=\"70a9015\" data-element_type=\"widget\" data-widget_type=\"text-editor.default\">\n\t\t\t\t\t\t\t\t\t<p>Acc\u00e9dez \u00e0 des modules d\u2019apprentissage en ligne \u00e0 votre rythme con\u00e7us pour renforcer les connaissances, les comp\u00e9tences et les capacit\u00e9s des femmes entrepreneures agricoles \u00e0 travers les cha\u00eenes de valeur agricoles. Apprenez \u00e0 tout moment, partout et \u00e0 votre propre rythme.<\/p>\t\t\t\t\t\t\t\t<\/div>\n\t\t\t\t<div class=\"elementor-element elementor-element-9c9abc9 elementor-widget-tablet__width-inherit exad-sticky-section-no exad-glass-effect-no ha-has-bg-overlay elementor-widget elementor-widget-text-editor\" data-id=\"9c9abc9\" data-element_type=\"widget\" data-widget_type=\"text-editor.default\">\n\t\t\t\t\t\t\t\t\t<p>Aucune publication pour le moment, veuillez revenir plus tard.<\/p>\t\t\t\t\t\t\t\t<\/div>\n\t\t\t\t<\/div>\n\t\t<div class=\"elementor-element elementor-element-5291fa7 e-con-full bigger-col e-flex wpr-particle-no wpr-jarallax-no wpr-parallax-no wpr-sticky-section-no e-con e-parent\" data-id=\"5291fa7\" data-element_type=\"container\" data-settings=\"{&quot;background_background&quot;:&quot;classic&quot;,&quot;_ha_eqh_enable&quot;:false}\">\n\t\t\t\t<div class=\"elementor-element elementor-element-75c7495 exad-sticky-section-no exad-glass-effect-no elementor-widget elementor-widget-heading\" data-id=\"75c7495\" data-element_type=\"widget\" data-widget_type=\"heading.default\">\n\t\t\t\t\t<h2 class=\"elementor-heading-title elementor-size-default\">Webinaires et vid\u00e9os<\/h2>\t\t\t\t<\/div>\n\t\t\t\t<div class=\"elementor-element elementor-element-94756cd elementor-widget-tablet__width-inherit exad-sticky-section-no exad-glass-effect-no elementor-widget elementor-widget-text-editor\" data-id=\"94756cd\" data-element_type=\"widget\" data-widget_type=\"text-editor.default\">\n\t\t\t\t\t\t\t\t\t<p>Regardez des webinaires anim\u00e9s par des experts, des discussions et des contenus vid\u00e9o couvrant des perspectives pratiques, des tendances du march\u00e9 et des exp\u00e9riences concr\u00e8tes de femmes entrepreneures agricoles et de leaders du secteur.<\/p>\t\t\t\t\t\t\t\t<\/div>\n\t\t\t\t<div class=\"elementor-element elementor-element-17ed680 elementor-widget-tablet__width-inherit exad-sticky-section-no exad-glass-effect-no ha-has-bg-overlay elementor-widget elementor-widget-text-editor\" data-id=\"17ed680\" data-element_type=\"widget\" data-widget_type=\"text-editor.default\">\n\t\t\t\t\t\t\t\t\t<p>Aucune vid\u00e9o pour le moment, veuillez revenir plus tard.<\/p>\t\t\t\t\t\t\t\t<\/div>\n\t\t\t\t<\/div>\n\t\t<div class=\"elementor-element elementor-element-3c945f3 e-con-full bigger-col e-flex wpr-particle-no wpr-jarallax-no wpr-parallax-no wpr-sticky-section-no e-con e-parent\" data-id=\"3c945f3\" data-element_type=\"container\" data-settings=\"{&quot;background_background&quot;:&quot;classic&quot;,&quot;_ha_eqh_enable&quot;:false}\">\n\t\t\t\t<div class=\"elementor-element elementor-element-a455872 exad-sticky-section-no exad-glass-effect-no elementor-widget elementor-widget-heading\" data-id=\"a455872\" data-element_type=\"widget\" data-widget_type=\"heading.default\">\n\t\t\t\t\t<h2 class=\"elementor-heading-title elementor-size-default\">Bo\u00eetes \u00e0 outils<\/h2>\t\t\t\t<\/div>\n\t\t\t\t<div class=\"elementor-element elementor-element-e319371 elementor-widget-tablet__width-inherit exad-sticky-section-no exad-glass-effect-no elementor-widget elementor-widget-text-editor\" data-id=\"e319371\" data-element_type=\"widget\" data-widget_type=\"text-editor.default\">\n\t\t\t\t\t\t\t\t\t<p>Explorez des bo\u00eetes \u00e0 outils, des mod\u00e8les et des guides pratiques con\u00e7us pour soutenir la prise de d\u00e9cision, am\u00e9liorer les op\u00e9rations commerciales et aider les entreprises agricoles dirig\u00e9es par des femmes \u00e0 se d\u00e9velopper durablement.<\/p>\t\t\t\t\t\t\t\t<\/div>\n\t\t\t\t<div class=\"elementor-element elementor-element-452a5b2 elementor-widget-tablet__width-inherit exad-sticky-section-no exad-glass-effect-no ha-has-bg-overlay elementor-widget elementor-widget-text-editor\" data-id=\"452a5b2\" data-element_type=\"widget\" data-widget_type=\"text-editor.default\">\n\t\t\t\t\t\t\t\t\t<p>Aucune publication pour le moment, veuillez revenir plus tard.<\/p>\t\t\t\t\t\t\t\t<\/div>\n\t\t\t\t<\/div>\n\t\t<div class=\"elementor-element elementor-element-d86c319 e-con-full bigger-col e-flex wpr-particle-no wpr-jarallax-no wpr-parallax-no wpr-sticky-section-no e-con e-parent\" data-id=\"d86c319\" data-element_type=\"container\" data-settings=\"{&quot;background_background&quot;:&quot;classic&quot;,&quot;_ha_eqh_enable&quot;:false}\">\n\t\t\t\t<div class=\"elementor-element elementor-element-e166729 exad-sticky-section-no exad-glass-effect-no elementor-widget elementor-widget-heading\" data-id=\"e166729\" data-element_type=\"widget\" data-widget_type=\"heading.default\">\n\t\t\t\t\t<h2 class=\"elementor-heading-title elementor-size-default\">Publications et rapports<\/h2>\t\t\t\t<\/div>\n\t\t\t\t<div class=\"elementor-element elementor-element-a959068 elementor-widget-tablet__width-inherit exad-sticky-section-no exad-glass-effect-no elementor-widget elementor-widget-text-editor\" data-id=\"a959068\" data-element_type=\"widget\" data-widget_type=\"text-editor.default\">\n\t\t\t\t\t\t\t\t\t<p>Parcourez des recherches, des rapports et des publications qui partagent des analyses sur les femmes dans l\u2019agro-industrie, les tendances du march\u00e9, les enjeux politiques et les enseignements tir\u00e9s des programmes et partenaires de VALUE4HER.<\/p>\t\t\t\t\t\t\t\t<\/div>\n\t\t\t\t<div class=\"elementor-element elementor-element-3500151 exad-sticky-section-no exad-glass-effect-no elementor-widget elementor-widget-html\" data-id=\"3500151\" data-element_type=\"widget\" data-widget_type=\"html.default\">\n\t\t\t\t\t<form autocomplete=\"off\" name=\"wpv-filter-2587\" action=\"\/value4her\/fr\/wp-json\/wp\/v2\/pages\/2105?wpv_view_count=2587\" method=\"get\" class=\"wpv-filter-form js-wpv-filter-form js-wpv-filter-form-2587 js-wpv-form-full js-wpv-dps-enabled js-wpv-ajax-results-enabled\" data-viewnumber=\"2587\" data-viewid=\"2587\" data-viewhash=\"eyJuYW1lIjoid29tZW4yd29tZW4tcHVibGljYXRpb25zLWZpbHRlciJ9\" data-viewwidgetid=\"0\" data-orderby=\"\" data-order=\"\" data-orderbyas=\"\" data-orderbysecond=\"\" data-ordersecond=\"\" data-parametric=\"{&quot;query&quot;:&quot;normal&quot;,&quot;id&quot;:&quot;2587&quot;,&quot;view_id&quot;:&quot;2587&quot;,&quot;widget_id&quot;:0,&quot;view_hash&quot;:&quot;2587&quot;,&quot;action&quot;:&quot;\\\/value4her\\\/fr\\\/wp-json\\\/wp\\\/v2\\\/pages\\\/2105?wpv_view_count=2587&quot;,&quot;sort&quot;:{&quot;orderby&quot;:&quot;&quot;,&quot;order&quot;:&quot;&quot;,&quot;orderby_as&quot;:&quot;&quot;,&quot;orderby_second&quot;:&quot;&quot;,&quot;order_second&quot;:&quot;&quot;},&quot;orderby&quot;:&quot;&quot;,&quot;order&quot;:&quot;&quot;,&quot;orderby_as&quot;:&quot;&quot;,&quot;orderby_second&quot;:&quot;&quot;,&quot;order_second&quot;:&quot;&quot;,&quot;ajax_form&quot;:&quot;&quot;,&quot;ajax_results&quot;:&quot;&quot;,&quot;effect&quot;:&quot;fade&quot;,&quot;prebefore&quot;:&quot;&quot;,&quot;before&quot;:&quot;&quot;,&quot;after&quot;:&quot;&quot;,&quot;attributes&quot;:[],&quot;environment&quot;:{&quot;current_post_id&quot;:2105,&quot;parent_post_id&quot;:2105,&quot;parent_term_id&quot;:0,&quot;parent_user_id&quot;:0,&quot;archive&quot;:{&quot;type&quot;:&quot;&quot;,&quot;name&quot;:&quot;&quot;,&quot;data&quot;:[]}},&quot;loop&quot;:{&quot;type&quot;:&quot;&quot;,&quot;name&quot;:&quot;&quot;,&quot;data&quot;:[],&quot;id&quot;:0}}\" data-attributes=\"[]\" data-environment=\"{&quot;current_post_id&quot;:2105,&quot;parent_post_id&quot;:2105,&quot;parent_term_id&quot;:0,&quot;parent_user_id&quot;:0,&quot;archive&quot;:{&quot;type&quot;:&quot;&quot;,&quot;name&quot;:&quot;&quot;,&quot;data&quot;:[]}}\" data-trp-original-action=\"\/value4her\/fr\/wp-json\/wp\/v2\/pages\/2105?wpv_view_count=2587\"><input type=\"hidden\" class=\"js-wpv-dps-filter-data js-wpv-filter-data-for-this-form\" data-action=\"\/value4her\/fr\/wp-json\/wp\/v2\/pages\/2105?wpv_view_count=2587\" data-page=\"1\" data-ajax=\"enable\" data-effect=\"fade\" data-maxpages=\"1\" data-ajaxprebefore=\"\" data-ajaxbefore=\"\" data-ajaxafter=\"\" \/><input class=\"wpv_view_count wpv_view_count-2587\" type=\"hidden\" name=\"wpv_view_count\" value=\"2587\" \/>\n\n<div class=\"row\" style=\"margin-bottom: -25px;\">\n\t<div class=\"col-sm-12\">\n      <div class=\"form-group top-row\">\n        <div class=\"col-sm-4\">Trier par <select name=\"wpv_sort_order\" class=\"wpv-sort-control-select wpv-sort-control-order js-wpv-sort-control-order\" data-viewnumber=\"2587\" data-labels=\"{&quot;default&quot;:{&quot;asc&quot;:&quot;Ascending&quot;,&quot;desc&quot;:&quot;Descending&quot;},&quot;post_date&quot;:{&quot;asc&quot;:&quot;Older first&quot;,&quot;desc&quot;:&quot;Newer first&quot;}}\" autocomplete=\"off\"><option value=\"desc\" >Newer first<\/option><option value=\"asc\"  selected='selected'>Older first<\/option><\/select><\/div>\n        <div class=\"col-sm-6\"><input type=\"text\" name=\"wpv_post_search\"  class=\"js-wpv-filter-trigger-delayed form-control\" placeholder=\"Search Publication &amp; Report\" \/><\/div>\n        <div class=\"col-sm-1\"><input type=\"submit\" class=\"btn-secondary wpv-submit-trigger js-wpv-submit-trigger btn\" name=\"wpv_filter_submit\" value=\"Envoi\" \/> <\/div>\n        <div class=\"col-sm-1\"><input type=\"button\" class=\"wpv-reset-trigger js-wpv-reset-trigger btn\" name=\"wpv_filter_reset\" value=\"R\u00e9initialiser\" \/> <\/div>\n      <\/div>\n  <\/div>\n<\/div>\n\n<input type=\"hidden\" name=\"trp-form-language\" value=\"fr\"\/><\/form>\n<div class=\"row heading-tender\">\n\t<div class=\"col-sm-4\">Titre<\/div>\n\t<div class=\"col-sm-2\">\u00c9diteur<\/div>\n\t<div class=\"col-sm-2\">Domaine d\u2019intervention<\/div>\n\t<div class=\"col-sm-1\">Ann\u00e9e<\/div>\n\t<div class=\"col-sm-2\">Action<\/div>\n<\/div>\n<div id=\"wpv-view-layout-2587\" class=\"js-wpv-view-layout js-wpv-layout-responsive js-wpv-view-layout-2587 wpv-pagination js-wpv-layout-has-pagination wpv-pagination-preload-images js-wpv-layout-preload-images wpv-pagination-preload-pages js-wpv-layout-preload-pages\" style=\"visibility:hidden;\" data-viewnumber=\"2587\" data-pagination=\"{&quot;id&quot;:&quot;2587&quot;,&quot;query&quot;:&quot;normal&quot;,&quot;type&quot;:&quot;ajaxed&quot;,&quot;effect&quot;:&quot;fade&quot;,&quot;duration&quot;:500,&quot;speed&quot;:5,&quot;pause_on_hover&quot;:&quot;enabled&quot;,&quot;stop_rollover&quot;:&quot;false&quot;,&quot;cache_pages&quot;:&quot;enabled&quot;,&quot;preload_images&quot;:&quot;enabled&quot;,&quot;preload_pages&quot;:&quot;enabled&quot;,&quot;preload_reach&quot;:1,&quot;spinner&quot;:&quot;builtin&quot;,&quot;spinner_image&quot;:&quot;&quot;,&quot;callback_next&quot;:&quot;&quot;,&quot;manage_history&quot;:&quot;enabled&quot;,&quot;has_controls_in_form&quot;:&quot;disabled&quot;,&quot;infinite_tolerance&quot;:0,&quot;max_pages&quot;:1,&quot;page&quot;:1,&quot;base_permalink&quot;:&quot;\/value4her\/fr\/wp-json\/wp\/v2\/pages\/2105?wpv_view_count=2587&amp;wpv_paged=WPV_PAGE_NUM&quot;,&quot;loop&quot;:{&quot;type&quot;:&quot;&quot;,&quot;name&quot;:&quot;&quot;,&quot;data&quot;:[],&quot;id&quot;:0}}\" data-permalink=\"\/value4her\/fr\/wp-json\/wp\/v2\/pages\/2105?wpv_view_count=2587\">\n\n\t\n\t\n\t\n\t\t\n\t\t<div class=\"row info-rows\">\n\t\t\t<div class=\"col-sm-12\"><div class=\"row\">\n\t<div class=\"col-sm-4\">VALUE4HER Synthesis Report: Networking & Advocacy Dialogues<\/div>\n\t<div class=\"col-sm-2\">-<\/div>\n\t<div class=\"col-sm-2\">-<\/div>\n\t<div class=\"col-sm-1\">2021<\/div> \n  \t<div class=\"col-sm-2 report-btn-link\"><a href=\"https:\/\/agra.org\/wp-content\/uploads\/2021\/07\/VALUE4Her-Synthesis-Report2207202102.pdf\" download target=\"_blank\"> Voir les d\u00e9tails<\/a><\/div>\n<\/div><\/div>\n\t\t<\/div>\n\t\t\n\t\t\n\t\t<div class=\"row info-rows\">\n\t\t\t<div class=\"col-sm-12\"><div class=\"row\">\n\t<div class=\"col-sm-4\">Catalysing Women Agri-preneurship and Food Trade in Africa<\/div>\n\t<div class=\"col-sm-2\">-<\/div>\n\t<div class=\"col-sm-2\">-<\/div>\n\t<div class=\"col-sm-1\">2021<\/div> \n  \t<div class=\"col-sm-2 report-btn-link\"><a href=\"https:\/\/agra.org\/wp-content\/uploads\/2021\/07\/02-Catalysing-Women-Agri-preneurship-and-Food-Trade-in-Africa-Report2607202101.pdf\" download target=\"_blank\"> Voir les d\u00e9tails<\/a><\/div>\n<\/div><\/div>\n\t\t<\/div>\n\t\t\n\t\t\n\t\t<div class=\"row info-rows\">\n\t\t\t<div class=\"col-sm-12\"><div class=\"row\">\n\t<div class=\"col-sm-4\">Inclusive Growth: Empowering Women and Youth in Rice Farming in Africa<\/div>\n\t<div class=\"col-sm-2\">-<\/div>\n\t<div class=\"col-sm-2\">-<\/div>\n\t<div class=\"col-sm-1\">2026<\/div> \n  \t<div class=\"col-sm-2 report-btn-link\"><a href=\"https:\/\/agra.org\/wp-content\/uploads\/2025\/11\/CARD-Policy-Brief-on-Inclusive-Rice-Farming.pdf\" download target=\"_blank\"> Voir les d\u00e9tails<\/a><\/div>\n<\/div><\/div>\n\t\t<\/div>\n\t\t\n\t\t\n\t\t<div class=\"row info-rows\">\n\t\t\t<div class=\"col-sm-12\"><div class=\"row\">\n\t<div class=\"col-sm-4\">Women in Agribusiness Value Chains in Africa: A White Paper<\/div>\n\t<div class=\"col-sm-2\">-<\/div>\n\t<div class=\"col-sm-2\">-<\/div>\n\t<div class=\"col-sm-1\">2021<\/div> \n  \t<div class=\"col-sm-2 report-btn-link\"><a href=\"https:\/\/agra.org\/wp-content\/uploads\/2022\/05\/Women_in_agribusiness_value_chains_in_Africa.pdf\" download target=\"_blank\"> Voir les d\u00e9tails<\/a><\/div>\n<\/div><\/div>\n\t\t<\/div>\n\t\t\n\t\t\n\t\t<div class=\"row info-rows\">\n\t\t\t<div class=\"col-sm-12\"><div class=\"row\">\n\t<div class=\"col-sm-4\">Africa Agriculture Status Report (AASR) 2023<\/div>\n\t<div class=\"col-sm-2\">-<\/div>\n\t<div class=\"col-sm-2\">-<\/div>\n\t<div class=\"col-sm-1\">2023<\/div> \n  \t<div class=\"col-sm-2 report-btn-link\"><a href=\"https:\/\/agra.org\/wp-content\/uploads\/2023\/11\/AASR-2023.pdf\" download target=\"_blank\"> Voir les d\u00e9tails<\/a><\/div>\n<\/div><\/div>\n\t\t<\/div>\n\t\t\n\t\t\n\t\t<div class=\"row info-rows\">\n\t\t\t<div class=\"col-sm-12\"><div class=\"row\">\n\t<div class=\"col-sm-4\">Women in African Agriculture: Farmers, Mothers, Innovators, and Educators<\/div>\n\t<div class=\"col-sm-2\">-<\/div>\n\t<div class=\"col-sm-2\">-<\/div>\n\t<div class=\"col-sm-1\">2012<\/div> \n  \t<div class=\"col-sm-2 report-btn-link\"><a href=\"https:\/\/ag4impact.org\/wp-content\/uploads\/2014\/07\/Women-in-African-Agriculture.pdf\" download target=\"_blank\"> Voir les d\u00e9tails<\/a><\/div>\n<\/div><\/div>\n\t\t<\/div>\n\t\t\n\t\t\n\t\t<div class=\"row info-rows\">\n\t\t\t<div class=\"col-sm-12\"><div class=\"row\">\n\t<div class=\"col-sm-4\">The Status of Women in Agrifood Systems in Sub-Saharan Africa<\/div>\n\t<div class=\"col-sm-2\">-<\/div>\n\t<div class=\"col-sm-2\"><\/div>\n\t<div class=\"col-sm-1\">2024<\/div> \n  \t<div class=\"col-sm-2 report-btn-link\"><a href=\"https:\/\/awardfellowships.org\/our-learnings\/the-status-of-women-in-agrifood-systems-in-sub-saharan-africa\/\" download target=\"_blank\"> Voir les d\u00e9tails<\/a><\/div>\n<\/div><\/div>\n\t\t<\/div>\n\t\t\n\t\t\n\t\t<div class=\"row info-rows\">\n\t\t\t<div class=\"col-sm-12\"><div class=\"row\">\n\t<div class=\"col-sm-4\">AGRA Gender Mainstreaming in Agriculture Scorecard (2024)<\/div>\n\t<div class=\"col-sm-2\">-<\/div>\n\t<div class=\"col-sm-2\">-<\/div>\n\t<div class=\"col-sm-1\">2024<\/div> \n  \t<div class=\"col-sm-2 report-btn-link\"><a href=\"https:\/\/agra.org\/annual-report-2024\/cross-cutting-enablers-of-systems-change\/\" download target=\"_blank\"> Voir les d\u00e9tails<\/a><\/div>\n<\/div><\/div>\n\t\t<\/div>\n\t\t\n\t\t\n\t\t<div class=\"row info-rows\">\n\t\t\t<div class=\"col-sm-12\"><div class=\"row\">\n\t<div class=\"col-sm-4\">VALUE4HER Kenya: Assessment of Women-Owned Agribusinesses<\/div>\n\t<div class=\"col-sm-2\">-<\/div>\n\t<div class=\"col-sm-2\">-<\/div>\n\t<div class=\"col-sm-1\">2021<\/div> \n  \t<div class=\"col-sm-2 report-btn-link\"><a href=\"https:\/\/agra.org\/wp-content\/uploads\/2021\/07\/08-Value4HerKenya.pdf\" download target=\"_blank\"> Voir les d\u00e9tails<\/a><\/div>\n<\/div><\/div>\n\t\t<\/div>\n\t\t\n\t\t\n\t\t<div class=\"row info-rows\">\n\t\t\t<div class=\"col-sm-12\"><div class=\"row\">\n\t<div class=\"col-sm-4\">Unlocking the Potential of Women in Agribusiness: VALUE4HER Ethiopia<\/div>\n\t<div class=\"col-sm-2\">-<\/div>\n\t<div class=\"col-sm-2\">-<\/div>\n\t<div class=\"col-sm-1\">2023<\/div> \n  \t<div class=\"col-sm-2 report-btn-link\"><a href=\"https:\/\/agra.org\/wp-content\/uploads\/2021\/07\/11-Value4HerEthiopia.pdf\" download target=\"_blank\"> Voir les d\u00e9tails<\/a><\/div>\n<\/div><\/div>\n\t\t<\/div>\n\t\t\n<div class=\"col-sm-12 pagination-display\">\n  <div class=\"col-sm-6 left-pagination\"><\/div>\n  <div class=\"col-sm-6 right-pagination\">\n    \n  <\/div>\n<\/div>\n\t\n\t\n\t\n<\/div>\n\t\t\t\t<\/div>\n\t\t\t\t<\/div>\n\t\t<div class=\"elementor-element elementor-element-406a82c e-con-full e-flex wpr-particle-no wpr-jarallax-no wpr-parallax-no wpr-sticky-section-no e-con e-parent\" data-id=\"406a82c\" data-element_type=\"container\" data-settings=\"{&quot;background_background&quot;:&quot;classic&quot;,&quot;_ha_eqh_enable&quot;:false}\">\n\t\t\t\t<div class=\"elementor-element elementor-element-400eaaf exad-sticky-section-no exad-glass-effect-no elementor-widget elementor-widget-heading\" data-id=\"400eaaf\" data-element_type=\"widget\" data-widget_type=\"heading.default\">\n\t\t\t\t\t<h2 class=\"elementor-heading-title elementor-size-default\">Partager une ressource<\/h2>\t\t\t\t<\/div>\n\t\t\t\t<div class=\"elementor-element elementor-element-b33f3b9 elementor-widget__width-initial elementor-widget-mobile__width-inherit exad-sticky-section-no exad-glass-effect-no elementor-widget elementor-widget-text-editor\" data-id=\"b33f3b9\" data-element_type=\"widget\" data-widget_type=\"text-editor.default\">\n\t\t\t\t\t\t\t\t\t<p>Vous avez une ressource pouvant soutenir les femmes entrepreneures agricoles ? Contribuez avec un module d\u2019apprentissage, une bo\u00eete \u00e0 outils, un rapport ou une publication et aidez \u00e0 renforcer les connaissances au sein de la communaut\u00e9 VALUE4HER.<\/p>\t\t\t\t\t\t\t\t<\/div>\n\t\t\t\t<div class=\"elementor-element elementor-element-b53c0e7 elementor-align-left exad-sticky-section-no exad-glass-effect-no elementor-widget elementor-widget-button\" data-id=\"b53c0e7\" data-element_type=\"widget\" data-widget_type=\"button.default\">\n\t\t\t\t\t\t\t\t\t\t<a class=\"elementor-button elementor-button-link elementor-size-sm\" href=\"\/value4her\/fr\/contribute-a-resource-form\/#submit-form\">\n\t\t\t\t\t\t<span class=\"elementor-button-content-wrapper\">\n\t\t\t\t\t\t\t\t\t<span class=\"elementor-button-text\">Soumettre une ressource<\/span>\n\t\t\t\t\t<\/span>\n\t\t\t\t\t<\/a>\n\t\t\t\t\t\t\t\t<\/div>\n\t\t\t\t<\/div>\n\t\t\t\t<\/div>","protected":false},"excerpt":{"rendered":"<p>Resources Home Resources E-Learning Modules Access self-paced e-learning modules designed to strengthen the knowledge, skills, and capacity of women agripreneurs across agricultural value chains. Learn anytime, anywhere, and at your&#8230;<\/p>","protected":false},"author":2,"featured_media":0,"parent":0,"menu_order":0,"comment_status":"closed","ping_status":"closed","template":"elementor_header_footer","meta":{"_acf_changed":false,"footnotes":""},"class_list":["post-2105","page","type-page","status-publish"],"acf":[],"rttpg_featured_image_url":null,"rttpg_author":{"display_name":"Paul Nyaga","author_link":"https:\/\/peakanddale.co.ke\/value4her\/fr\/author\/bean-value4her\/"},"rttpg_comment":0,"rttpg_category":null,"rttpg_excerpt":"Resources Home Resources E-Learning Modules Access self-paced e-learning modules designed to strengthen the knowledge, skills, and capacity of women agripreneurs across agricultural value chains. Learn anytime, anywhere, and at your...","_links":{"self":[{"href":"https:\/\/peakanddale.co.ke\/value4her\/fr\/wp-json\/wp\/v2\/pages\/2105","targetHints":{"allow":["GET"]}}],"collection":[{"href":"https:\/\/peakanddale.co.ke\/value4her\/fr\/wp-json\/wp\/v2\/pages"}],"about":[{"href":"https:\/\/peakanddale.co.ke\/value4her\/fr\/wp-json\/wp\/v2\/types\/page"}],"author":[{"embeddable":true,"href":"https:\/\/peakanddale.co.ke\/value4her\/fr\/wp-json\/wp\/v2\/users\/2"}],"replies":[{"embeddable":true,"href":"https:\/\/peakanddale.co.ke\/value4her\/fr\/wp-json\/wp\/v2\/comments?post=2105"}],"version-history":[{"count":61,"href":"https:\/\/peakanddale.co.ke\/value4her\/fr\/wp-json\/wp\/v2\/pages\/2105\/revisions"}],"predecessor-version":[{"id":3742,"href":"https:\/\/peakanddale.co.ke\/value4her\/fr\/wp-json\/wp\/v2\/pages\/2105\/revisions\/3742"}],"wp:attachment":[{"href":"https:\/\/peakanddale.co.ke\/value4her\/fr\/wp-json\/wp\/v2\/media?parent=2105"}],"curies":[{"name":"wp","href":"https:\/\/api.w.org\/{rel}","templated":true}]}}