{"id":1580,"date":"2026-02-18T06:45:24","date_gmt":"2026-02-18T06:45:24","guid":{"rendered":"https:\/\/peakanddale.co.ke\/value4her\/?page_id=1580"},"modified":"2026-04-13T10:19:16","modified_gmt":"2026-04-13T10:19:16","slug":"news","status":"publish","type":"page","link":"https:\/\/peakanddale.co.ke\/value4her\/pt\/news\/","title":{"rendered":"Not\u00edcias"},"content":{"rendered":"<div data-elementor-type=\"wp-page\" data-elementor-id=\"1580\" class=\"elementor elementor-1580\" data-elementor-settings=\"{&quot;ha_cmc_init_switcher&quot;:&quot;no&quot;}\">\n\t\t\t\t<div class=\"elementor-element elementor-element-38930e7 e-con-full e-flex wpr-particle-no wpr-jarallax-no wpr-parallax-no wpr-sticky-section-no e-con e-parent\" data-id=\"38930e7\" data-element_type=\"container\" data-settings=\"{&quot;_ha_eqh_enable&quot;:false}\">\n\t\t<div class=\"elementor-element elementor-element-fee66bf e-con-full e-flex wpr-particle-no wpr-jarallax-no wpr-parallax-no wpr-sticky-section-no e-con e-child\" data-id=\"fee66bf\" data-element_type=\"container\" data-settings=\"{&quot;background_background&quot;:&quot;classic&quot;,&quot;_ha_eqh_enable&quot;:false}\">\n\t\t\t\t<\/div>\n\t\t<div class=\"elementor-element elementor-element-844add6 e-con-full e-flex wpr-particle-no wpr-jarallax-no wpr-parallax-no wpr-sticky-section-no e-con e-child\" data-id=\"844add6\" data-element_type=\"container\" data-settings=\"{&quot;background_background&quot;:&quot;classic&quot;,&quot;_ha_eqh_enable&quot;:false}\">\n\t\t<div class=\"elementor-element elementor-element-f41b358 e-con-full e-flex wpr-particle-no wpr-jarallax-no wpr-parallax-no wpr-sticky-section-no e-con e-child\" data-id=\"f41b358\" data-element_type=\"container\" data-settings=\"{&quot;_ha_eqh_enable&quot;:false}\">\n\t\t\t\t<div class=\"elementor-element elementor-element-db17613 wrap-title exad-sticky-section-no exad-glass-effect-no elementor-widget elementor-widget-heading\" data-id=\"db17613\" data-element_type=\"widget\" data-widget_type=\"heading.default\">\n\t\t\t\t\t<h1 class=\"elementor-heading-title elementor-size-default\">Not\u00edcias<\/h1>\t\t\t\t<\/div>\n\t\t\t\t<\/div>\n\t\t<div class=\"elementor-element elementor-element-7cefe58 e-con-full e-flex wpr-particle-no wpr-jarallax-no wpr-parallax-no wpr-sticky-section-no e-con e-child\" data-id=\"7cefe58\" data-element_type=\"container\" data-settings=\"{&quot;_ha_eqh_enable&quot;:false}\">\n\t\t\t\t<div class=\"elementor-element elementor-element-631738d elementor-align-left exad-sticky-section-no exad-glass-effect-no elementor-widget elementor-widget-button\" data-id=\"631738d\" data-element_type=\"widget\" data-widget_type=\"button.default\">\n\t\t\t\t\t\t\t\t\t\t<a class=\"elementor-button elementor-button-link elementor-size-sm\" href=\"\/value4her\/pt\/\">\n\t\t\t\t\t\t<span class=\"elementor-button-content-wrapper\">\n\t\t\t\t\t\t\t\t\t<span class=\"elementor-button-text\">In\u00edcio<\/span>\n\t\t\t\t\t<\/span>\n\t\t\t\t\t<\/a>\n\t\t\t\t\t\t\t\t<\/div>\n\t\t\t\t<div class=\"elementor-element elementor-element-f10c7e6 elementor-align-left exad-sticky-section-no exad-glass-effect-no elementor-widget elementor-widget-button\" data-id=\"f10c7e6\" data-element_type=\"widget\" data-widget_type=\"button.default\">\n\t\t\t\t\t\t\t\t\t\t<a class=\"elementor-button elementor-size-sm\" role=\"button\">\n\t\t\t\t\t\t<span class=\"elementor-button-content-wrapper\">\n\t\t\t\t\t\t\t\t\t<span class=\"elementor-button-text\">Not\u00edcias<\/span>\n\t\t\t\t\t<\/span>\n\t\t\t\t\t<\/a>\n\t\t\t\t\t\t\t\t<\/div>\n\t\t\t\t<\/div>\n\t\t\t\t<\/div>\n\t\t\t\t<\/div>\n\t\t<div class=\"elementor-element elementor-element-2d53039 e-con-full e-flex wpr-particle-no wpr-jarallax-no wpr-parallax-no wpr-sticky-section-no e-con e-parent\" data-id=\"2d53039\" data-element_type=\"container\" data-settings=\"{&quot;_ha_eqh_enable&quot;:false}\">\n\t\t<div class=\"elementor-element elementor-element-b75756c e-con-full e-flex wpr-particle-no wpr-jarallax-no wpr-parallax-no wpr-sticky-section-no e-con e-child\" data-id=\"b75756c\" data-element_type=\"container\" data-settings=\"{&quot;_ha_eqh_enable&quot;:false}\">\n\t\t\t\t<div class=\"elementor-element elementor-element-d263848 elementor-widget__width-initial elementor-widget-tablet__width-inherit exad-sticky-section-no exad-glass-effect-no elementor-widget elementor-widget-text-editor\" data-id=\"d263848\" data-element_type=\"widget\" data-widget_type=\"text-editor.default\">\n\t\t\t\t\t\t\t\t\t<p>Acompanhe as \u00faltimas not\u00edcias, an\u00fancios e atualiza\u00e7\u00f5es da VALUE4HER e do ecossistema do agroneg\u00f3cio em geral, incluindo marcos dos programas, parcerias e hist\u00f3rias de todo o continente.<\/p>\t\t\t\t\t\t\t\t<\/div>\n\t\t\t\t<div class=\"elementor-element elementor-element-70193c5 tpg-el-box-border-disable title_position_default title_hover_border_default title-default img_hover_animation_default grid-hover-overlay-type-always tpg-border-bottom-disable exad-sticky-section-no exad-glass-effect-no elementor-widget elementor-widget-tpg-grid-layout\" data-id=\"70193c5\" data-element_type=\"widget\" data-widget_type=\"tpg-grid-layout.default\">\n\t\t\t\t<div class=\"elementor-widget-container\">\n\t\t\t\t\t\t\t<div class=\"rt-container-fluid rt-tpg-container tpg-el-main-wrapper clearfix grid-layout4-main\"\n\t\t\t id=\"rt-tpg-container-1613366229\"\n\t\t\t data-layout=\"grid-layout4\"\n\t\t\t data-grid-style=\"tpg-full-height\"\n\t\t\t data-sc-id=\"elementor\"\n\t\t\t data-el-settings=''\n\t\t\t data-el-query=''\n\t\t\t data-el-path=''\n\t\t>\n\t\t\t\t\t\t<div class='tpg-header-wrapper'>\n\t\t\t\t\t\t\t<\/div>\n\n\t\t\t<div data-title=\"Loading ...\" class=\"rt-row rt-content-loader grid-layout4 grid-behaviour tpg-full-height grid_layout_wrapper\">\n\t\t\t\t\n<div class=\"rt-col-md-4 rt-col-sm-6 rt-col-xs-12 default rt-grid-item\" data-id=\"3314\">\n\t<div class=\"rt-holder tpg-post-holder\">\n\t\t<div class=\"rt-detail rt-el-content-wrapper\">\n\t\t\t\t\t\t\t<div class=\"rt-img-holder tpg-el-image-wrap has-thumbnail\">\n\t\t\t\t\t<a data-id=\"3314\" href=\"https:\/\/peakanddale.co.ke\/value4her\/pt\/welcoming-the-african-farming-season-3-with-tony-ndoro\/\" class=\"tpg-post-link\" target=\"_self\">                        <img fetchpriority=\"high\" decoding=\"async\" src=\"https:\/\/peakanddale.co.ke\/value4her\/wp-content\/uploads\/2026\/04\/3H4A9648-768x512.jpg\"\n                             class=\"rt-img-responsive\"\n                             width=\"768\"\n                             height=\"512\"\n                             alt=\"Welcoming the African Farming Season 3 with Tony Ndoro\">\n\t\t\t\t\t\t\n\t\t\t\t\t\t\t\n\t\t<\/a>\n\t\t        <div class=\"overlay grid-hover-content\"><\/div>\n\t\t\t\t\t\t<\/div>\n\t\t\t\n\t\t\t<div class=\"entry-title-wrapper\"><h2 class=\"entry-title\"><a data-id=\"3314\" href=\"https:\/\/peakanddale.co.ke\/value4her\/pt\/welcoming-the-african-farming-season-3-with-tony-ndoro\/\" class=\"tpg-post-link\" target=\"_self\">Welcoming the African Farming Season 3 with Tony Ndoro<\/a><\/h2><\/div>\n\t\t\t\n\t\t\t\t\t\t\t<div class=\"tpg-excerpt tpg-el-excerpt\">\n\t\t\t\t\t\t\t\t\t\t\t<div class=\"tpg-excerpt-inner\">\n\t\t\t\t\t\t\tTemos o orgulho de apresentar o nosso novo apresentador, um \u00edcone da televis\u00e3o associado ao desporto e \u00e0s not\u00edcias, Tony Ndoro...\t\t\t\t\t\t<\/div>\n\t\t\t\t\t\t\t\t\t\t\t\t\t\t<\/div>\n\t\t\t\n\t\t\t\t\t<\/div>\n\t<\/div>\n<\/div>\n\n<div class=\"rt-col-md-4 rt-col-sm-6 rt-col-xs-12 default rt-grid-item\" data-id=\"3345\">\n\t<div class=\"rt-holder tpg-post-holder\">\n\t\t<div class=\"rt-detail rt-el-content-wrapper\">\n\t\t\t\t\t\t\t<div class=\"rt-img-holder tpg-el-image-wrap has-thumbnail\">\n\t\t\t\t\t<a data-id=\"3345\" href=\"https:\/\/peakanddale.co.ke\/value4her\/pt\/gender-in-focus-mozambican-climate-scientist-says-womens-contribution-to-climate-change-adaptation-and-mitigation-in-africa-is-indispensable\/\" class=\"tpg-post-link\" target=\"_self\">                        <img decoding=\"async\" src=\"https:\/\/peakanddale.co.ke\/value4her\/wp-content\/uploads\/2026\/04\/default-e1775766646280-768x395.jpg\"\n                             class=\"rt-img-responsive\"\n                             width=\"768\"\n                             height=\"395\"\n                             alt=\"Gender In Focus: Mozambican climate scientist says women\u2019s contribution to climate change adaptation and mitigation in Africa is indispensable\">\n\t\t\t\t\t\t\n\t\t\t\t\t\t\t\n\t\t<\/a>\n\t\t        <div class=\"overlay grid-hover-content\"><\/div>\n\t\t\t\t\t\t<\/div>\n\t\t\t\n\t\t\t<div class=\"entry-title-wrapper\"><h2 class=\"entry-title\"><a data-id=\"3345\" href=\"https:\/\/peakanddale.co.ke\/value4her\/pt\/gender-in-focus-mozambican-climate-scientist-says-womens-contribution-to-climate-change-adaptation-and-mitigation-in-africa-is-indispensable\/\" class=\"tpg-post-link\" target=\"_self\">Gender In Focus: Mozambican climate scientist says women\u2019s contribution to climate change adaptation and mitigation in Africa is indispensable<\/a><\/h2><\/div>\n\t\t\t\n\t\t\t\t\t\t\t<div class=\"tpg-excerpt tpg-el-excerpt\">\n\t\t\t\t\t\t\t\t\t\t\t<div class=\"tpg-excerpt-inner\">\n\t\t\t\t\t\t\tsetores como a agricultura, a pecu\u00e1ria, os recursos h\u00eddricos, as atividades humanas\u2026 levaram-na de Mo\u00e7ambique a Portugal para\u2026\t\t\t\t\t\t<\/div>\n\t\t\t\t\t\t\t\t\t\t\t\t\t\t<\/div>\n\t\t\t\n\t\t\t\t\t<\/div>\n\t<\/div>\n<\/div>\n\n<div class=\"rt-col-md-4 rt-col-sm-6 rt-col-xs-12 default rt-grid-item\" data-id=\"3349\">\n\t<div class=\"rt-holder tpg-post-holder\">\n\t\t<div class=\"rt-detail rt-el-content-wrapper\">\n\t\t\t\t\t\t\t<div class=\"rt-img-holder tpg-el-image-wrap has-thumbnail\">\n\t\t\t\t\t<a data-id=\"3349\" href=\"https:\/\/peakanddale.co.ke\/value4her\/pt\/africa-investment-forum-virtual-boardroom-sessions-2022\/\" class=\"tpg-post-link\" target=\"_self\">                        <img decoding=\"async\" src=\"https:\/\/peakanddale.co.ke\/value4her\/wp-content\/uploads\/2026\/04\/default-e1775766646280-768x395.jpg\"\n                             class=\"rt-img-responsive\"\n                             width=\"768\"\n                             height=\"395\"\n                             alt=\"Africa Investment Forum Virtual Boardroom Sessions 2022\">\n\t\t\t\t\t\t\n\t\t\t\t\t\t\t\n\t\t<\/a>\n\t\t        <div class=\"overlay grid-hover-content\"><\/div>\n\t\t\t\t\t\t<\/div>\n\t\t\t\n\t\t\t<div class=\"entry-title-wrapper\"><h2 class=\"entry-title\"><a data-id=\"3349\" href=\"https:\/\/peakanddale.co.ke\/value4her\/pt\/africa-investment-forum-virtual-boardroom-sessions-2022\/\" class=\"tpg-post-link\" target=\"_self\">Africa Investment Forum Virtual Boardroom Sessions 2022<\/a><\/h2><\/div>\n\t\t\t\n\t\t\t\t\t\t\t<div class=\"tpg-excerpt tpg-el-excerpt\">\n\t\t\t\t\t\t\t\t\t\t\t<div class=\"tpg-excerpt-inner\">\n\t\t\t\t\t\t\tiniciativa. Os setores incluem agricultura e agroprocessamento; educa\u00e7\u00e3o; energia\u2026 a International Finance Corporation; o African Export-Import Bank; o Development Bank of Southern Africa; o\u2026\t\t\t\t\t\t<\/div>\n\t\t\t\t\t\t\t\t\t\t\t\t\t\t<\/div>\n\t\t\t\n\t\t\t\t\t<\/div>\n\t<\/div>\n<\/div>\n\n<div class=\"rt-col-md-4 rt-col-sm-6 rt-col-xs-12 default rt-grid-item\" data-id=\"3353\">\n\t<div class=\"rt-holder tpg-post-holder\">\n\t\t<div class=\"rt-detail rt-el-content-wrapper\">\n\t\t\t\t\t\t\t<div class=\"rt-img-holder tpg-el-image-wrap has-thumbnail\">\n\t\t\t\t\t<a data-id=\"3353\" href=\"https:\/\/peakanddale.co.ke\/value4her\/pt\/octoculture-why-is-the-worlds-first-octopus-farm-so-controversial\/\" class=\"tpg-post-link\" target=\"_self\">                        <img loading=\"lazy\" decoding=\"async\" src=\"https:\/\/peakanddale.co.ke\/value4her\/wp-content\/uploads\/2026\/04\/default-e1775766646280-768x395.jpg\"\n                             class=\"rt-img-responsive\"\n                             width=\"768\"\n                             height=\"395\"\n                             alt=\"Octoculture: why is the world\u2019s first octopus farm so controversial?\">\n\t\t\t\t\t\t\n\t\t\t\t\t\t\t\n\t\t<\/a>\n\t\t        <div class=\"overlay grid-hover-content\"><\/div>\n\t\t\t\t\t\t<\/div>\n\t\t\t\n\t\t\t<div class=\"entry-title-wrapper\"><h2 class=\"entry-title\"><a data-id=\"3353\" href=\"https:\/\/peakanddale.co.ke\/value4her\/pt\/octoculture-why-is-the-worlds-first-octopus-farm-so-controversial\/\" class=\"tpg-post-link\" target=\"_self\">Octocultura: por que a primeira fazenda de polvos do mundo \u00e9 t\u00e3o controversa?<\/a><\/h2><\/div>\n\t\t\t\n\t\t\t\t\t\t\t<div class=\"tpg-excerpt tpg-el-excerpt\">\n\t\t\t\t\t\t\t\t\t\t\t<div class=\"tpg-excerpt-inner\">\n\t\t\t\t\t\t\tO polvo \u00e9 consumido como uma iguaria, principalmente no Mediterr\u00e2neo, nos Estados Unidos e na \u00c1sia...\t\t\t\t\t\t<\/div>\n\t\t\t\t\t\t\t\t\t\t\t\t\t\t<\/div>\n\t\t\t\n\t\t\t\t\t<\/div>\n\t<\/div>\n<\/div>\n\n<div class=\"rt-col-md-4 rt-col-sm-6 rt-col-xs-12 default rt-grid-item\" data-id=\"3356\">\n\t<div class=\"rt-holder tpg-post-holder\">\n\t\t<div class=\"rt-detail rt-el-content-wrapper\">\n\t\t\t\t\t\t\t<div class=\"rt-img-holder tpg-el-image-wrap has-thumbnail\">\n\t\t\t\t\t<a data-id=\"3356\" href=\"https:\/\/peakanddale.co.ke\/value4her\/pt\/unhcr-ramps-up-aid-to-thousands-displaced-by-somalia-drought\/\" class=\"tpg-post-link\" target=\"_self\">                        <img loading=\"lazy\" decoding=\"async\" src=\"https:\/\/peakanddale.co.ke\/value4her\/wp-content\/uploads\/2026\/04\/default-e1775766646280-768x395.jpg\"\n                             class=\"rt-img-responsive\"\n                             width=\"768\"\n                             height=\"395\"\n                             alt=\"UNHCR ramps up aid to thousands displaced by Somalia drought\">\n\t\t\t\t\t\t\n\t\t\t\t\t\t\t\n\t\t<\/a>\n\t\t        <div class=\"overlay grid-hover-content\"><\/div>\n\t\t\t\t\t\t<\/div>\n\t\t\t\n\t\t\t<div class=\"entry-title-wrapper\"><h2 class=\"entry-title\"><a data-id=\"3356\" href=\"https:\/\/peakanddale.co.ke\/value4her\/pt\/unhcr-ramps-up-aid-to-thousands-displaced-by-somalia-drought\/\" class=\"tpg-post-link\" target=\"_self\">ACNUR intensifica ajuda a milhares de deslocados pela seca na Som\u00e1lia\nPublicado em 11 de mar\u00e7o de 2022<\/a><\/h2><\/div>\n\t\t\t\n\t\t\t\t\t\t\t<div class=\"tpg-excerpt tpg-el-excerpt\">\n\t\t\t\t\t\t\t\t\t\t\t<div class=\"tpg-excerpt-inner\">\n\t\t\t\t\t\t\tafetadas por uma seca severa na Som\u00e1lia ap\u00f3s tr\u00eas esta\u00e7\u00f5es consecutivas de chuvas falhadas\u2026 que devastaram as culturas e o gado. Os meios de subsist\u00eancia das popula\u00e7\u00f5es\u2026\t\t\t\t\t\t<\/div>\n\t\t\t\t\t\t\t\t\t\t\t\t\t\t<\/div>\n\t\t\t\n\t\t\t\t\t<\/div>\n\t<\/div>\n<\/div>\n\n<div class=\"rt-col-md-4 rt-col-sm-6 rt-col-xs-12 default rt-grid-item\" data-id=\"3358\">\n\t<div class=\"rt-holder tpg-post-holder\">\n\t\t<div class=\"rt-detail rt-el-content-wrapper\">\n\t\t\t\t\t\t\t<div class=\"rt-img-holder tpg-el-image-wrap has-thumbnail\">\n\t\t\t\t\t<a data-id=\"3358\" href=\"https:\/\/peakanddale.co.ke\/value4her\/pt\/covid-19-outbreak-global-plant-based-food-industry-market-report-development-trends-threats-opportunities-and-competitive-landscape-in-2020\/\" class=\"tpg-post-link\" target=\"_self\">                        <img loading=\"lazy\" decoding=\"async\" src=\"https:\/\/peakanddale.co.ke\/value4her\/wp-content\/uploads\/2026\/04\/default-e1775766646280-768x395.jpg\"\n                             class=\"rt-img-responsive\"\n                             width=\"768\"\n                             height=\"395\"\n                             alt=\"COVID-19 Outbreak-Global Plant Based Food Industry Market Report-Development Trends, Threats, Opportunities and Competitive Landscape in 2020\">\n\t\t\t\t\t\t\n\t\t\t\t\t\t\t\n\t\t<\/a>\n\t\t        <div class=\"overlay grid-hover-content\"><\/div>\n\t\t\t\t\t\t<\/div>\n\t\t\t\n\t\t\t<div class=\"entry-title-wrapper\"><h2 class=\"entry-title\"><a data-id=\"3358\" href=\"https:\/\/peakanddale.co.ke\/value4her\/pt\/covid-19-outbreak-global-plant-based-food-industry-market-report-development-trends-threats-opportunities-and-competitive-landscape-in-2020\/\" class=\"tpg-post-link\" target=\"_self\">Surto de COVID-19 \u2013 Relat\u00f3rio global do mercado da ind\u00fastria de alimentos \u00e0 base de plantas \u2013 Tend\u00eancias de desenvolvimento, amea\u00e7as, oportunidades e panorama competitivo em 2020<\/a><\/h2><\/div>\n\t\t\t\n\t\t\t\t\t\t\t<div class=\"tpg-excerpt tpg-el-excerpt\">\n\t\t\t\t\t\t\t\t\t\t\t<div class=\"tpg-excerpt-inner\">\n\t\t\t\t\t\t\t(MENAFN - Nxtgen Reports) A receita do mercado de alimentos \u00e0 base de plantas foi de xx.xx milh\u00f5es...\t\t\t\t\t\t<\/div>\n\t\t\t\t\t\t\t\t\t\t\t\t\t\t<\/div>\n\t\t\t\n\t\t\t\t\t<\/div>\n\t<\/div>\n<\/div>\n\t\t\t<\/div>\n\t\t\t\n\t\t<\/div>\n\t\t\t\t\t\t<\/div>\n\t\t\t\t<\/div>\n\t\t\t\t<\/div>\n\t\t\t\t<\/div>\n\t\t\t\t<\/div>","protected":false},"excerpt":{"rendered":"<p>News Home News Keep up with the latest news, announcements, and updates from VALUE4HER and the wider agribusiness ecosystem, including program milestones, partnerships, and stories from across the continent. Welcoming&#8230;<\/p>","protected":false},"author":2,"featured_media":0,"parent":0,"menu_order":0,"comment_status":"closed","ping_status":"closed","template":"elementor_header_footer","meta":{"_acf_changed":false,"footnotes":""},"class_list":["post-1580","page","type-page","status-publish"],"acf":[],"rttpg_featured_image_url":null,"rttpg_author":{"display_name":"Paul Nyaga","author_link":"https:\/\/peakanddale.co.ke\/value4her\/pt\/author\/bean-value4her\/"},"rttpg_comment":0,"rttpg_category":"","rttpg_excerpt":"News Home News Keep up with the latest news, announcements, and updates from VALUE4HER and the wider agribusiness ecosystem, including program milestones, partnerships, and stories from across the continent. Welcoming...","_links":{"self":[{"href":"https:\/\/peakanddale.co.ke\/value4her\/pt\/wp-json\/wp\/v2\/pages\/1580","targetHints":{"allow":["GET"]}}],"collection":[{"href":"https:\/\/peakanddale.co.ke\/value4her\/pt\/wp-json\/wp\/v2\/pages"}],"about":[{"href":"https:\/\/peakanddale.co.ke\/value4her\/pt\/wp-json\/wp\/v2\/types\/page"}],"author":[{"embeddable":true,"href":"https:\/\/peakanddale.co.ke\/value4her\/pt\/wp-json\/wp\/v2\/users\/2"}],"replies":[{"embeddable":true,"href":"https:\/\/peakanddale.co.ke\/value4her\/pt\/wp-json\/wp\/v2\/comments?post=1580"}],"version-history":[{"count":31,"href":"https:\/\/peakanddale.co.ke\/value4her\/pt\/wp-json\/wp\/v2\/pages\/1580\/revisions"}],"predecessor-version":[{"id":3739,"href":"https:\/\/peakanddale.co.ke\/value4her\/pt\/wp-json\/wp\/v2\/pages\/1580\/revisions\/3739"}],"wp:attachment":[{"href":"https:\/\/peakanddale.co.ke\/value4her\/pt\/wp-json\/wp\/v2\/media?parent=1580"}],"curies":[{"name":"wp","href":"https:\/\/api.w.org\/{rel}","templated":true}]}}